{"id":6,"date":"2014-11-06T23:48:22","date_gmt":"2014-11-06T21:48:22","guid":{"rendered":"http:\/\/www.steuerberater-schmithausen.de\/wordpress\/?page_id=6"},"modified":"2015-11-13T20:09:27","modified_gmt":"2015-11-13T18:09:27","slug":"start","status":"publish","type":"page","link":"https:\/\/www.steuerberater-schmithausen.de\/","title":{"rendered":"Start"},"content":{"rendered":"<p>Das Team von Steuerberater Klaus Schmithausen begr\u00fc\u00dft Sie auf seiner Internet-Seite.<\/p>\n<p>Auf diesen Seiten geben wir Ihnen einen ersten Eindruck \u00fcber uns und unsere Leistungen.<\/p>\n<p>&nbsp;<\/p>\n<p>Aktuelles aus den Bereichen Steuern und Recht finden Sie <a title=\"Aktuelles\" href=\"https:\/\/www.steuerberater-schmithausen.de\/?page_id=49\">hier<\/a>.<\/p>\n<p>Die berufsrechtlichen Regelungen k\u00f6nnen bei der Steuerberaterkammer D\u00fcsseldorf eingesehen werden: <a href=\"http:\/\/www.stbk-duesseldorf.de\/\" target=\"_blank\">www.stbk-duesseldorf.de<\/a><\/p>\n","protected":false},"excerpt":{"rendered":"<p>Das Team von Steuerberater Klaus Schmithausen begr\u00fc\u00dft Sie auf seiner Internet-Seite. Auf diesen Seiten geben wir Ihnen einen ersten Eindruck \u00fcber uns und unsere Leistungen. &nbsp; Aktuelles aus den Bereichen <a href=\"https:\/\/www.steuerberater-schmithausen.de\/\" class=\"more-link\">[&hellip;]<\/a><\/p>\n","protected":false},"author":1,"featured_media":0,"parent":0,"menu_order":1,"comment_status":"closed","ping_status":"closed","template":"","meta":{"Layout":""},"_links":{"self":[{"href":"https:\/\/www.steuerberater-schmithausen.de\/index.php?rest_route=\/wp\/v2\/pages\/6"}],"collection":[{"href":"https:\/\/www.steuerberater-schmithausen.de\/index.php?rest_route=\/wp\/v2\/pages"}],"about":[{"href":"https:\/\/www.steuerberater-schmithausen.de\/index.php?rest_route=\/wp\/v2\/types\/page"}],"author":[{"embeddable":true,"href":"https:\/\/www.steuerberater-schmithausen.de\/index.php?rest_route=\/wp\/v2\/users\/1"}],"replies":[{"embeddable":true,"href":"https:\/\/www.steuerberater-schmithausen.de\/index.php?rest_route=%2Fwp%2Fv2%2Fcomments&post=6"}],"version-history":[{"count":8,"href":"https:\/\/www.steuerberater-schmithausen.de\/index.php?rest_route=\/wp\/v2\/pages\/6\/revisions"}],"predecessor-version":[{"id":74,"href":"https:\/\/www.steuerberater-schmithausen.de\/index.php?rest_route=\/wp\/v2\/pages\/6\/revisions\/74"}],"wp:attachment":[{"href":"https:\/\/www.steuerberater-schmithausen.de\/index.php?rest_route=%2Fwp%2Fv2%2Fmedia&parent=6"}],"curies":[{"name":"wp","href":"https:\/\/api.w.org\/{rel}","templated":true}]}}