{"id":18,"date":"2014-11-07T00:12:57","date_gmt":"2014-11-06T22:12:57","guid":{"rendered":"http:\/\/www.steuerberater-schmithausen.de\/wordpress\/?page_id=18"},"modified":"2014-11-11T17:37:56","modified_gmt":"2014-11-11T15:37:56","slug":"dienstleistungen","status":"publish","type":"page","link":"https:\/\/www.steuerberater-schmithausen.de\/?page_id=18","title":{"rendered":"Dienstleistungen"},"content":{"rendered":"<p>Zu unseren Dienstleistungen geh\u00f6ren:<\/p>\n<ul>\n<li>Erstellung von Jahresabschl\u00fcssen<\/li>\n<li>Erstellung von Einnahme- \/ \u00dcberschussrechnungen<\/li>\n<li>Erstellung von betrieblichen und privaten Steuererkl\u00e4rungen<\/li>\n<li>Finanzbuchhaltungen mit betriebswirtschaftlichen Auswertungen<\/li>\n<li>Lohn- und Gehaltsabrechnungen einschlie\u00dflich Baulohn<\/li>\n<li>Steuerplanung und -gestaltung<\/li>\n<li>Existenzgr\u00fcndungsberatung<\/li>\n<li>Betriebswirtschaftliche Beratung<\/li>\n<\/ul>\n","protected":false},"excerpt":{"rendered":"<p>Zu unseren Dienstleistungen geh\u00f6ren: Erstellung von Jahresabschl\u00fcssen Erstellung von Einnahme- \/ \u00dcberschussrechnungen Erstellung von betrieblichen und privaten Steuererkl\u00e4rungen Finanzbuchhaltungen mit betriebswirtschaftlichen Auswertungen Lohn- und Gehaltsabrechnungen einschlie\u00dflich Baulohn Steuerplanung und -gestaltung <a href=\"https:\/\/www.steuerberater-schmithausen.de\/?page_id=18\" class=\"more-link\">[&hellip;]<\/a><\/p>\n","protected":false},"author":1,"featured_media":0,"parent":0,"menu_order":4,"comment_status":"closed","ping_status":"closed","template":"","meta":{"Layout":""},"_links":{"self":[{"href":"https:\/\/www.steuerberater-schmithausen.de\/index.php?rest_route=\/wp\/v2\/pages\/18"}],"collection":[{"href":"https:\/\/www.steuerberater-schmithausen.de\/index.php?rest_route=\/wp\/v2\/pages"}],"about":[{"href":"https:\/\/www.steuerberater-schmithausen.de\/index.php?rest_route=\/wp\/v2\/types\/page"}],"author":[{"embeddable":true,"href":"https:\/\/www.steuerberater-schmithausen.de\/index.php?rest_route=\/wp\/v2\/users\/1"}],"replies":[{"embeddable":true,"href":"https:\/\/www.steuerberater-schmithausen.de\/index.php?rest_route=%2Fwp%2Fv2%2Fcomments&post=18"}],"version-history":[{"count":1,"href":"https:\/\/www.steuerberater-schmithausen.de\/index.php?rest_route=\/wp\/v2\/pages\/18\/revisions"}],"predecessor-version":[{"id":19,"href":"https:\/\/www.steuerberater-schmithausen.de\/index.php?rest_route=\/wp\/v2\/pages\/18\/revisions\/19"}],"wp:attachment":[{"href":"https:\/\/www.steuerberater-schmithausen.de\/index.php?rest_route=%2Fwp%2Fv2%2Fmedia&parent=18"}],"curies":[{"name":"wp","href":"https:\/\/api.w.org\/{rel}","templated":true}]}}